{"id":11,"date":"2024-07-20T20:40:28","date_gmt":"2024-07-20T18:40:28","guid":{"rendered":"https:\/\/p-n6lu37.project.space\/?page_id=11"},"modified":"2024-07-25T14:25:53","modified_gmt":"2024-07-25T12:25:53","slug":"impressum","status":"publish","type":"page","link":"https:\/\/c-s-books.de\/","title":{"rendered":"Impressum"},"content":{"rendered":"\n<h2 class=\"wp-block-heading\"><strong>Verantwortlich<\/strong><\/h2>\n\n\n\n<p>Claudia Tollk\u00fchn<br>Holzkirchener Stra\u00dfe 21<br>97264 Helmstadt<\/p>\n\n\n\n<h3 class=\"wp-block-heading\"><strong>Kontakt<\/strong>:<\/h3>\n\n\n\n<p>Telefon: +49 (\u202d0)176 82300624\u202c<br>E-Mail: <a href=\"mailto:claudia@c-s-books.de\">claudia@c-s-books.de<\/a><\/p>\n\n\n\n<hr class=\"wp-block-separator has-alpha-channel-opacity\" style=\"margin-top:var(--wp--preset--spacing--30);margin-bottom:var(--wp--preset--spacing--30)\"\/>\n\n\n\n<h2 class=\"wp-block-heading\">Rechtliche Hinweise (Disclaimer)<\/h2>\n\n\n\n<h3 class=\"wp-block-heading\">Inhalte der Website und des Blogs auf Instagram<\/h3>\n\n\n\n<p>Die Inhalte dieses Webauftritts werden mit gr\u00f6\u00dftm\u00f6glicher Sorgfalt erstellt. Ich \u00fcbernehme jedoch keine Gew\u00e4hr f\u00fcr die Richtigkeit, Vollst\u00e4ndigkeit und Aktualit\u00e4t der bereitgestellten Inhalte.<\/p>\n\n\n\n<h3 class=\"wp-block-heading\">Verf\u00fcgbarkeit der Website<\/h3>\n\n\n\n<p>Ich bin zwar bestrebt, die Website unterbrechungsfrei zum Abruf anzubieten. Auch bei aller Sorgfalt k\u00f6nnen aber Ausfallzeiten nicht ausgeschlossen werden. Zudem behalte ich mir das Recht vor, das Angebot jederzeit zu \u00e4ndern oder einzustellen. F\u00fcr durch nicht fehlerfrei angelegte Dateien oder nicht fehlerfrei strukturierte Formate bedingte Unterbrechungen oder anderweitige St\u00f6rungen \u00fcbernehme ich keine Gew\u00e4hr.<\/p>\n\n\n\n<h3 class=\"wp-block-heading\">Hinweis zum Urheberrecht<\/h3>\n\n\n\n<p>Alle Inhalte und Strukturen dieser Website sind urheber- und leistungsschutzrechtlich gesch\u00fctzt. Die Ver\u00f6ffentlichung im World Wide Web oder in sonstigen Diensten des Internets bedeutet noch keine Einverst\u00e4ndniserkl\u00e4rung f\u00fcr eine anderweitige Nutzung durch Dritte. Jede vom deutschen Urheberrecht nicht zugelassene Verwertung bedarf der vorherigen schriftlichen Zustimmung.<\/p>\n\n\n\n<p>Das Zitieren der bereitgestellten Inhalte und Dokumente sowie das Setzen von Links auf diese Website sind ausdr\u00fccklich erlaubt, solange kenntlich gemacht wird, dass es sich um Inhalte des Webauftritts von C\u2019s Books handelt und diese Inhalte nicht in Verbindung mit Inhalten Dritter gebracht werden, die den Interessen des Websitebetreibers widersprechen.<\/p>\n\n\n\n<h3 class=\"wp-block-heading\">Hinweis zur Verwendung externer Links<\/h3>\n\n\n\n<p>Nat\u00fcrlich bin ich f\u00fcr die eigenen Inhalte, die bereitgestellt werden, nach den allgemeinen Gesetzen verantwortlich. Von diesen eigenen Inhalten sind Querverweise (Links) auf die von anderen Anbieter:innen bereitgehaltenen Inhalte zu unterscheiden. Durch Querverweise werden entsprechend auch fremde Inhalte zur Nutzung bereitgestellt, die als Link gekennzeichnet sind und nicht unter meiner Kontrolle stehen.<\/p>\n\n\n\n<p>Bei Links handelt es sich um dynamische Verweisungen. Bei der erstmaligen Verkn\u00fcpfung pr\u00fcfe ich zwar den fremden Inhalt daraufhin, ob durch ihn eine m\u00f6gliche zivilrechtliche oder strafrechtliche Verantwortlichkeit ausgel\u00f6st wird. Ich \u00fcberpr\u00fcfe aber die Inhalte, auf die ich in meinem Angebot verweise, nicht st\u00e4ndig auf Ver\u00e4nderungen, die eine Verantwortlichkeit neu begr\u00fcnden k\u00f6nnten. Wenn ich feststelle oder von anderen darauf hingewiesen werde, dass ein konkretes Angebot, zu dem einen Link bereitgestellt wird, eine zivil- oder strafrechtliche Verantwortlichkeit ausl\u00f6st, werde ich den Verweis auf dieses Angebot selbstverst\u00e4ndlich schnellstm\u00f6glich entfernen.<\/p>\n\n\n\n<h3 class=\"wp-block-heading\">Keine Abmahnung ohne vorherigen Kontakt!<\/h3>\n\n\n\n<p>Sollte irgendwelcher Inhalt oder die Gestaltung einzelner Seiten oder Beitr\u00e4ge fremde Rechte Dritter oder gesetzliche Bestimmungen verletzen oder anderweitig in irgendeiner Form wettbewerbsrechtliche Probleme hervorbringen, so erwarten wir unter Berufung auf \u00a7 8 Abs. 4 UWG eine angemessene, ausreichend erl\u00e4uternde und schnelle Nachricht ohne Kostennote.<\/p>\n\n\n\n<p>Zu Recht beanstandete Passagen oder Beitr\u00e4ge werden in angemessener Frist entfernt bzw. den rechtlichen Vorgaben angepasst, ohne dass von Ihrer Seite die Einschaltung eines Rechtsbeistandes erforderlich ist.<\/p>\n\n\n\n<p>Die Einschaltung eines Anwaltes, zur f\u00fcr den Diensteanbieter kostenpflichtigen Abmahnung, entspricht nicht dessen wirklichen oder mutma\u00dflichen Willen und w\u00fcrde damit einen Verstoss gegen \u00a7 13 Abs. 5 UWG, wegen der Verfolgung sachfremder Ziele als beherschendes Motiv der Verfahrenseinleitung, insbesondere einer Kostenerzielungsabsicht als eigentliche Triebfeder, sowie einen Versto\u00df gegen die Schadensminderungspflicht&nbsp;darstellen.<\/p>\n\n\n\n<div style=\"height:64px\" aria-hidden=\"true\" class=\"wp-block-spacer\"><\/div>\n","protected":false},"excerpt":{"rendered":"<p>Verantwortlich Claudia Tollk\u00fchnHolzkirchener Stra\u00dfe 2197264 Helmstadt Kontakt: Telefon: +49 (\u202d0)176 82300624\u202cE-Mail: claudia@c-s-books.de Rechtliche Hinweise (Disclaimer) Inhalte der Website und des Blogs auf Instagram Die Inhalte dieses Webauftritts werden mit gr\u00f6\u00dftm\u00f6glicher Sorgfalt erstellt. Ich \u00fcbernehme jedoch keine Gew\u00e4hr f\u00fcr die Richtigkeit, Vollst\u00e4ndigkeit und Aktualit\u00e4t der bereitgestellten Inhalte. Verf\u00fcgbarkeit der Website Ich bin zwar bestrebt, die Website [&hellip;]<\/p>\n","protected":false},"author":1,"featured_media":14,"parent":0,"menu_order":0,"comment_status":"closed","ping_status":"closed","template":"","meta":{"footnotes":""},"class_list":["post-11","page","type-page","status-publish","has-post-thumbnail","hentry"],"_links":{"self":[{"href":"https:\/\/c-s-books.de\/index.php\/wp-json\/wp\/v2\/pages\/11","targetHints":{"allow":["GET"]}}],"collection":[{"href":"https:\/\/c-s-books.de\/index.php\/wp-json\/wp\/v2\/pages"}],"about":[{"href":"https:\/\/c-s-books.de\/index.php\/wp-json\/wp\/v2\/types\/page"}],"author":[{"embeddable":true,"href":"https:\/\/c-s-books.de\/index.php\/wp-json\/wp\/v2\/users\/1"}],"replies":[{"embeddable":true,"href":"https:\/\/c-s-books.de\/index.php\/wp-json\/wp\/v2\/comments?post=11"}],"version-history":[{"count":6,"href":"https:\/\/c-s-books.de\/index.php\/wp-json\/wp\/v2\/pages\/11\/revisions"}],"predecessor-version":[{"id":21,"href":"https:\/\/c-s-books.de\/index.php\/wp-json\/wp\/v2\/pages\/11\/revisions\/21"}],"wp:featuredmedia":[{"embeddable":true,"href":"https:\/\/c-s-books.de\/index.php\/wp-json\/wp\/v2\/media\/14"}],"wp:attachment":[{"href":"https:\/\/c-s-books.de\/index.php\/wp-json\/wp\/v2\/media?parent=11"}],"curies":[{"name":"wp","href":"https:\/\/api.w.org\/{rel}","templated":true}]}}